{"id":511,"date":"2020-06-30T09:50:08","date_gmt":"2020-06-30T07:50:08","guid":{"rendered":"http:\/\/www.kasiarozek.pl\/sklep\/?post_type=product&#038;p=511"},"modified":"2020-10-21T11:32:14","modified_gmt":"2020-10-21T09:32:14","slug":"kryzys-cwiercwiecza-ksiazka","status":"publish","type":"product","link":"https:\/\/www.kasiarozek.pl\/sklep\/produkt\/kryzys-cwiercwiecza-ksiazka\/","title":{"rendered":"Kryzys \u0106wier\u0107wiecza &#8211; ksi\u0105\u017cka"},"content":{"rendered":"<p><strong>&#8222;Kryzys \u0106wier\u0107wiecza&#8221; to powie\u015b\u0107 w odcinkach,\u00a0publikowana na stronie\u00a0<a href=\"http:\/\/kryzys25.pl\/\" target=\"_blank\" rel=\"noopener\">kryzys25.pl<\/a><\/strong><\/p>\n<p>A teraz tak\u017ce powie\u015b\u0107 do czytania w miejscach lub chwilach wolnych od Internetu. Powie\u015b\u0107 w sam raz do postawienia na p\u00f3\u0142ce albo po\u017cyczenia komu si\u0119 chce!<\/p>\n<p>Jestem autork\u0105 tekstu oraz ilustracji z g\u0142\u00f3wnymi bohaterkami &#8211; Sow\u0105, Gosi\u0105 i Karolin\u0105. Ka\u017cda z nich ma 25 lat, mieszkaj\u0105 w Toruniu. Wszystkie przechodz\u0105 kryzys \u0107wier\u0107wiecza\u00a0troch\u0119 inaczej, ale najwa\u017cniejsze, \u017ce robi\u0105 to razem.<\/p>\n<p>Ksi\u0105\u017cka ma 447 stron, 50 kolorowych ilustracji i 50 rozdzia\u0142\u00f3w. B\u0119dzie wspania\u0142a zar\u00f3wno do podarowania jako prezent komu\u015b, kto ma przed sob\u0105 ten kryzys, jak i do samodzielnego kiwania g\u0142ow\u0105 ze zrozumieniem.<\/p>\n<p>Je\u015bli chcesz, napisz w uwagach do zam\u00f3wienia, czy na pierwszej stronie wpisa\u0107 dedykacj\u0119 i dla kogo \ud83d\ude42<\/p>\n","protected":false},"excerpt":{"rendered":"<p><strong>&#8222;Kryzys \u0106wier\u0107wiecza&#8221; to powie\u015b\u0107 w odcinkach,\u00a0publikowana na stronie\u00a0<a href=\"http:\/\/kryzys25.pl\/\" target=\"_blank\" rel=\"noopener\">kryzys25.pl<\/a><\/strong><\/p>\n<p>Wydana dzi\u0119ki wspania\u0142ej spo\u0142eczno\u015bci czytelnik\u00f3w, z pomoc\u0105 platformy crowdfundingowej wspieram.to.<\/p>\n<p>&nbsp;<\/p>\n","protected":false},"featured_media":541,"comment_status":"open","ping_status":"closed","template":"","meta":{"ocean_post_layout":"","ocean_both_sidebars_style":"","ocean_both_sidebars_content_width":0,"ocean_both_sidebars_sidebars_width":0,"ocean_sidebar":"0","ocean_second_sidebar":"0","ocean_disable_margins":"enable","ocean_add_body_class":"","ocean_shortcode_before_top_bar":"","ocean_shortcode_after_top_bar":"","ocean_shortcode_before_header":"","ocean_shortcode_after_header":"","ocean_has_shortcode":"","ocean_shortcode_after_title":"","ocean_shortcode_before_footer_widgets":"","ocean_shortcode_after_footer_widgets":"","ocean_shortcode_before_footer_bottom":"","ocean_shortcode_after_footer_bottom":"","ocean_display_top_bar":"default","ocean_display_header":"default","ocean_header_style":"","ocean_center_header_left_menu":"0","ocean_custom_header_template":"0","ocean_custom_logo":0,"ocean_custom_retina_logo":0,"ocean_custom_logo_max_width":0,"ocean_custom_logo_tablet_max_width":0,"ocean_custom_logo_mobile_max_width":0,"ocean_custom_logo_max_height":0,"ocean_custom_logo_tablet_max_height":0,"ocean_custom_logo_mobile_max_height":0,"ocean_header_custom_menu":"0","ocean_menu_typo_font_family":"0","ocean_menu_typo_font_subset":"","ocean_menu_typo_font_size":0,"ocean_menu_typo_font_size_tablet":0,"ocean_menu_typo_font_size_mobile":0,"ocean_menu_typo_font_size_unit":"px","ocean_menu_typo_font_weight":"","ocean_menu_typo_font_weight_tablet":"","ocean_menu_typo_font_weight_mobile":"","ocean_menu_typo_transform":"","ocean_menu_typo_transform_tablet":"","ocean_menu_typo_transform_mobile":"","ocean_menu_typo_line_height":0,"ocean_menu_typo_line_height_tablet":0,"ocean_menu_typo_line_height_mobile":0,"ocean_menu_typo_line_height_unit":"","ocean_menu_typo_spacing":0,"ocean_menu_typo_spacing_tablet":0,"ocean_menu_typo_spacing_mobile":0,"ocean_menu_typo_spacing_unit":"","ocean_menu_link_color":"","ocean_menu_link_color_hover":"","ocean_menu_link_color_active":"","ocean_menu_link_background":"","ocean_menu_link_hover_background":"","ocean_menu_link_active_background":"","ocean_menu_social_links_bg":"","ocean_menu_social_hover_links_bg":"","ocean_menu_social_links_color":"","ocean_menu_social_hover_links_color":"","ocean_disable_title":"default","ocean_disable_heading":"default","ocean_post_title":"","ocean_post_subheading":"","ocean_post_title_style":"","ocean_post_title_background_color":"","ocean_post_title_background":0,"ocean_post_title_bg_image_position":"","ocean_post_title_bg_image_attachment":"","ocean_post_title_bg_image_repeat":"","ocean_post_title_bg_image_size":"","ocean_post_title_height":0,"ocean_post_title_bg_overlay":0.5,"ocean_post_title_bg_overlay_color":"","ocean_disable_breadcrumbs":"default","ocean_breadcrumbs_color":"","ocean_breadcrumbs_separator_color":"","ocean_breadcrumbs_links_color":"","ocean_breadcrumbs_links_hover_color":"","ocean_display_footer_widgets":"default","ocean_display_footer_bottom":"default","ocean_custom_footer_template":""},"product_brand":[],"product_cat":[43],"product_tag":[],"class_list":{"0":"post-511","1":"product","2":"type-product","3":"status-publish","4":"has-post-thumbnail","6":"product_cat-kryzys-cwiercwiecza","8":"entry","9":"has-media","11":"first","12":"instock","13":"featured","14":"taxable","15":"shipping-taxable","16":"purchasable","17":"product-type-simple","18":"has-rating","19":"has-product-nav","20":"col","21":"span_1_of_3","22":"owp-content-center","23":"owp-thumbs-layout-horizontal","24":"owp-btn-normal","25":"owp-tabs-layout-horizontal"},"_links":{"self":[{"href":"https:\/\/www.kasiarozek.pl\/sklep\/wp-json\/wp\/v2\/product\/511","targetHints":{"allow":["GET"]}}],"collection":[{"href":"https:\/\/www.kasiarozek.pl\/sklep\/wp-json\/wp\/v2\/product"}],"about":[{"href":"https:\/\/www.kasiarozek.pl\/sklep\/wp-json\/wp\/v2\/types\/product"}],"replies":[{"embeddable":true,"href":"https:\/\/www.kasiarozek.pl\/sklep\/wp-json\/wp\/v2\/comments?post=511"}],"wp:featuredmedia":[{"embeddable":true,"href":"https:\/\/www.kasiarozek.pl\/sklep\/wp-json\/wp\/v2\/media\/541"}],"wp:attachment":[{"href":"https:\/\/www.kasiarozek.pl\/sklep\/wp-json\/wp\/v2\/media?parent=511"}],"wp:term":[{"taxonomy":"product_brand","embeddable":true,"href":"https:\/\/www.kasiarozek.pl\/sklep\/wp-json\/wp\/v2\/product_brand?post=511"},{"taxonomy":"product_cat","embeddable":true,"href":"https:\/\/www.kasiarozek.pl\/sklep\/wp-json\/wp\/v2\/product_cat?post=511"},{"taxonomy":"product_tag","embeddable":true,"href":"https:\/\/www.kasiarozek.pl\/sklep\/wp-json\/wp\/v2\/product_tag?post=511"}],"curies":[{"name":"wp","href":"https:\/\/api.w.org\/{rel}","templated":true}]}}