{"id":303,"date":"2019-07-18T17:27:28","date_gmt":"2019-07-18T15:27:28","guid":{"rendered":"http:\/\/www.kasiarozek.pl\/sklep\/?post_type=product&#038;p=303"},"modified":"2023-01-11T15:29:40","modified_gmt":"2023-01-11T14:29:40","slug":"kubek-emaliowany-nazamowienie","status":"publish","type":"product","link":"https:\/\/www.kasiarozek.pl\/sklep\/produkt\/kubek-emaliowany-nazamowienie\/","title":{"rendered":"Emaliowany kubek &#8211; projekt na zam\u00f3wienie"},"content":{"rendered":"<p>Masz szczeg\u00f3lny pomys\u0142 na sw\u00f3j w\u0142asny kubek?\u00a0Nie ma sprawy! Ka\u017cdy pomys\u0142 mo\u017cemy przeku\u0107 na niezwyk\u0142y projekt, dzi\u0119ki kt\u00f3remu wspomnienia z wakacji albo z wyprawy b\u0119d\u0105 rozgrzewa\u0107 r\u00f3wnie\u017c w zimowe dni. Skontaktuj si\u0119 ze mn\u0105 przez <a href=\"mailto: kontakt@kasiarozel.pl\">maila<\/a> i napisz, czego potrzebujesz.<\/p>\n<p>Cena to minimalna kwota za kubek &#8211; po akceptacji indywidualnego projektu mo\u017ce by\u0107 wy\u017csza.<\/p>\n<ul>\n<li>Pojemno\u015b\u0107: 360 ml<\/li>\n<li>\u015arednica: 87 mm<\/li>\n<li>Wysoko\u015b\u0107: 80 mm<\/li>\n<li>Materia\u0142: metal<\/li>\n<li>Kolor: bia\u0142y ze srebrnym rantem, bia\u0142y z czarnym rantem, bia\u0142y z granatowym rantem, zielony, czerwony, niebieski, \u017c\u00f3\u0142ty (cena mo\u017ce si\u0119 r\u00f3\u017cni\u0107 w zale\u017cno\u015bci od koloru kubka)<\/li>\n<\/ul>\n","protected":false},"excerpt":{"rendered":"<p>Masz szczeg\u00f3lny pomys\u0142 na sw\u00f3j w\u0142asny kubek?\u00a0Nie ma sprawy!<br \/>\n\u015awietnie nadaje si\u0119 na prezent dla os\u00f3b, kt\u00f3re lubi\u0105 spakowa\u0107 si\u0119 na lekko &#8211; prawie nic nie wa\u017cy i na pewno nie st\u0142ucze si\u0119 w luku baga\u017cowym.<\/p>\n","protected":false},"featured_media":304,"comment_status":"open","ping_status":"closed","template":"","meta":{"ocean_post_layout":"","ocean_both_sidebars_style":"","ocean_both_sidebars_content_width":0,"ocean_both_sidebars_sidebars_width":0,"ocean_sidebar":"0","ocean_second_sidebar":"0","ocean_disable_margins":"enable","ocean_add_body_class":"","ocean_shortcode_before_top_bar":"","ocean_shortcode_after_top_bar":"","ocean_shortcode_before_header":"","ocean_shortcode_after_header":"","ocean_has_shortcode":"","ocean_shortcode_after_title":"","ocean_shortcode_before_footer_widgets":"","ocean_shortcode_after_footer_widgets":"","ocean_shortcode_before_footer_bottom":"","ocean_shortcode_after_footer_bottom":"","ocean_display_top_bar":"default","ocean_display_header":"default","ocean_header_style":"","ocean_center_header_left_menu":"0","ocean_custom_header_template":"0","ocean_custom_logo":0,"ocean_custom_retina_logo":0,"ocean_custom_logo_max_width":0,"ocean_custom_logo_tablet_max_width":0,"ocean_custom_logo_mobile_max_width":0,"ocean_custom_logo_max_height":0,"ocean_custom_logo_tablet_max_height":0,"ocean_custom_logo_mobile_max_height":0,"ocean_header_custom_menu":"0","ocean_menu_typo_font_family":"0","ocean_menu_typo_font_subset":"","ocean_menu_typo_font_size":0,"ocean_menu_typo_font_size_tablet":0,"ocean_menu_typo_font_size_mobile":0,"ocean_menu_typo_font_size_unit":"px","ocean_menu_typo_font_weight":"","ocean_menu_typo_font_weight_tablet":"","ocean_menu_typo_font_weight_mobile":"","ocean_menu_typo_transform":"","ocean_menu_typo_transform_tablet":"","ocean_menu_typo_transform_mobile":"","ocean_menu_typo_line_height":0,"ocean_menu_typo_line_height_tablet":0,"ocean_menu_typo_line_height_mobile":0,"ocean_menu_typo_line_height_unit":"","ocean_menu_typo_spacing":0,"ocean_menu_typo_spacing_tablet":0,"ocean_menu_typo_spacing_mobile":0,"ocean_menu_typo_spacing_unit":"","ocean_menu_link_color":"","ocean_menu_link_color_hover":"","ocean_menu_link_color_active":"","ocean_menu_link_background":"","ocean_menu_link_hover_background":"","ocean_menu_link_active_background":"","ocean_menu_social_links_bg":"","ocean_menu_social_hover_links_bg":"","ocean_menu_social_links_color":"","ocean_menu_social_hover_links_color":"","ocean_disable_title":"default","ocean_disable_heading":"default","ocean_post_title":"","ocean_post_subheading":"","ocean_post_title_style":"","ocean_post_title_background_color":"","ocean_post_title_background":0,"ocean_post_title_bg_image_position":"","ocean_post_title_bg_image_attachment":"","ocean_post_title_bg_image_repeat":"","ocean_post_title_bg_image_size":"","ocean_post_title_height":0,"ocean_post_title_bg_overlay":0.5,"ocean_post_title_bg_overlay_color":"","ocean_disable_breadcrumbs":"default","ocean_breadcrumbs_color":"","ocean_breadcrumbs_separator_color":"","ocean_breadcrumbs_links_color":"","ocean_breadcrumbs_links_hover_color":"","ocean_display_footer_widgets":"default","ocean_display_footer_bottom":"default","ocean_custom_footer_template":""},"product_brand":[],"product_cat":[18,66],"product_tag":[28,40,35,34,37,36],"class_list":{"0":"post-303","1":"product","2":"type-product","3":"status-publish","4":"has-post-thumbnail","6":"product_cat-bez-kategorii","7":"product_cat-na-zamowienie","8":"product_tag-boho","9":"product_tag-camping","10":"product_tag-emaliowany","11":"product_tag-kubek","12":"product_tag-metalowy-kubek","13":"product_tag-podrozniczy","15":"entry","16":"has-media","18":"first","19":"instock","20":"taxable","21":"shipping-taxable","22":"purchasable","23":"product-type-simple","24":"has-product-nav","25":"col","26":"span_1_of_3","27":"owp-content-center","28":"owp-thumbs-layout-horizontal","29":"owp-btn-normal","30":"owp-tabs-layout-horizontal"},"_links":{"self":[{"href":"https:\/\/www.kasiarozek.pl\/sklep\/wp-json\/wp\/v2\/product\/303","targetHints":{"allow":["GET"]}}],"collection":[{"href":"https:\/\/www.kasiarozek.pl\/sklep\/wp-json\/wp\/v2\/product"}],"about":[{"href":"https:\/\/www.kasiarozek.pl\/sklep\/wp-json\/wp\/v2\/types\/product"}],"replies":[{"embeddable":true,"href":"https:\/\/www.kasiarozek.pl\/sklep\/wp-json\/wp\/v2\/comments?post=303"}],"wp:featuredmedia":[{"embeddable":true,"href":"https:\/\/www.kasiarozek.pl\/sklep\/wp-json\/wp\/v2\/media\/304"}],"wp:attachment":[{"href":"https:\/\/www.kasiarozek.pl\/sklep\/wp-json\/wp\/v2\/media?parent=303"}],"wp:term":[{"taxonomy":"product_brand","embeddable":true,"href":"https:\/\/www.kasiarozek.pl\/sklep\/wp-json\/wp\/v2\/product_brand?post=303"},{"taxonomy":"product_cat","embeddable":true,"href":"https:\/\/www.kasiarozek.pl\/sklep\/wp-json\/wp\/v2\/product_cat?post=303"},{"taxonomy":"product_tag","embeddable":true,"href":"https:\/\/www.kasiarozek.pl\/sklep\/wp-json\/wp\/v2\/product_tag?post=303"}],"curies":[{"name":"wp","href":"https:\/\/api.w.org\/{rel}","templated":true}]}}