{"id":246,"date":"2019-04-15T11:33:59","date_gmt":"2019-04-15T09:33:59","guid":{"rendered":"http:\/\/www.kasiarozek.pl\/sklep\/?post_type=product&#038;p=246"},"modified":"2023-01-11T15:28:28","modified_gmt":"2023-01-11T14:28:28","slug":"kubek-emaliowany-polish-girls","status":"publish","type":"product","link":"https:\/\/www.kasiarozek.pl\/sklep\/produkt\/kubek-emaliowany-polish-girls\/","title":{"rendered":"Emaliowany kubek Polish Girls"},"content":{"rendered":"<p>Kubek sprawdza si\u0119 w podr\u00f3\u017cy, ale r\u00f3wnie\u017c na werandzie lub tarasie. Ma pojemno\u015b\u0107 w sam raz na porann\u0105 kaw\u0119, herbat\u0119 na szlaku lub budy\u0144 w schronisku. \u015awietnie nadaje si\u0119 na prezent dla os\u00f3b, kt\u00f3re lubi\u0105 spakowa\u0107 si\u0119 na lekko &#8211; prawie nic nie wa\u017cy i na pewno nie st\u0142ucze si\u0119 w luku baga\u017cowym.<\/p>\n<ul>\n<li>Pojemno\u015b\u0107: 360 ml<\/li>\n<li>\u015arednica: 87 mm<\/li>\n<li>Wysoko\u015b\u0107: 80 mm<\/li>\n<li>Materia\u0142: metal<\/li>\n<li>Kolor: bia\u0142y ze srebrnym rantem<\/li>\n<\/ul>\n","protected":false},"excerpt":{"rendered":"<p>Kubek sprawdza si\u0119 w podr\u00f3\u017cy, ale r\u00f3wnie\u017c na werandzie lub tarasie. Ma pojemno\u015b\u0107 w sam raz na porann\u0105 kaw\u0119, herbat\u0119 na szlaku lub budy\u0144 w schronisku. \u015awietnie nadaje si\u0119 na prezent dla os\u00f3b, kt\u00f3re lubi\u0105 spakowa\u0107 si\u0119 na lekko &#8211; prawie nic nie wa\u017cy i na pewno nie st\u0142ucze si\u0119 w luku baga\u017cowym.<\/p>\n","protected":false},"featured_media":273,"comment_status":"open","ping_status":"closed","template":"","meta":{"ocean_post_layout":"","ocean_both_sidebars_style":"","ocean_both_sidebars_content_width":0,"ocean_both_sidebars_sidebars_width":0,"ocean_sidebar":"0","ocean_second_sidebar":"0","ocean_disable_margins":"enable","ocean_add_body_class":"","ocean_shortcode_before_top_bar":"","ocean_shortcode_after_top_bar":"","ocean_shortcode_before_header":"","ocean_shortcode_after_header":"","ocean_has_shortcode":"","ocean_shortcode_after_title":"","ocean_shortcode_before_footer_widgets":"","ocean_shortcode_after_footer_widgets":"","ocean_shortcode_before_footer_bottom":"","ocean_shortcode_after_footer_bottom":"","ocean_display_top_bar":"default","ocean_display_header":"default","ocean_header_style":"","ocean_center_header_left_menu":"0","ocean_custom_header_template":"0","ocean_custom_logo":0,"ocean_custom_retina_logo":0,"ocean_custom_logo_max_width":0,"ocean_custom_logo_tablet_max_width":0,"ocean_custom_logo_mobile_max_width":0,"ocean_custom_logo_max_height":0,"ocean_custom_logo_tablet_max_height":0,"ocean_custom_logo_mobile_max_height":0,"ocean_header_custom_menu":"0","ocean_menu_typo_font_family":"0","ocean_menu_typo_font_subset":"","ocean_menu_typo_font_size":0,"ocean_menu_typo_font_size_tablet":0,"ocean_menu_typo_font_size_mobile":0,"ocean_menu_typo_font_size_unit":"px","ocean_menu_typo_font_weight":"","ocean_menu_typo_font_weight_tablet":"","ocean_menu_typo_font_weight_mobile":"","ocean_menu_typo_transform":"","ocean_menu_typo_transform_tablet":"","ocean_menu_typo_transform_mobile":"","ocean_menu_typo_line_height":0,"ocean_menu_typo_line_height_tablet":0,"ocean_menu_typo_line_height_mobile":0,"ocean_menu_typo_line_height_unit":"","ocean_menu_typo_spacing":0,"ocean_menu_typo_spacing_tablet":0,"ocean_menu_typo_spacing_mobile":0,"ocean_menu_typo_spacing_unit":"","ocean_menu_link_color":"","ocean_menu_link_color_hover":"","ocean_menu_link_color_active":"","ocean_menu_link_background":"","ocean_menu_link_hover_background":"","ocean_menu_link_active_background":"","ocean_menu_social_links_bg":"","ocean_menu_social_hover_links_bg":"","ocean_menu_social_links_color":"","ocean_menu_social_hover_links_color":"","ocean_disable_title":"default","ocean_disable_heading":"default","ocean_post_title":"","ocean_post_subheading":"","ocean_post_title_style":"","ocean_post_title_background_color":"","ocean_post_title_background":0,"ocean_post_title_bg_image_position":"","ocean_post_title_bg_image_attachment":"","ocean_post_title_bg_image_repeat":"","ocean_post_title_bg_image_size":"","ocean_post_title_height":0,"ocean_post_title_bg_overlay":0.5,"ocean_post_title_bg_overlay_color":"","ocean_disable_breadcrumbs":"default","ocean_breadcrumbs_color":"","ocean_breadcrumbs_separator_color":"","ocean_breadcrumbs_links_color":"","ocean_breadcrumbs_links_hover_color":"","ocean_display_footer_widgets":"default","ocean_display_footer_bottom":"default","ocean_custom_footer_template":""},"product_brand":[],"product_cat":[22],"product_tag":[28,40,38,35,39,34,37,36],"class_list":{"0":"post-246","1":"product","2":"type-product","3":"status-publish","4":"has-post-thumbnail","6":"product_cat-polish-girls","7":"product_tag-boho","8":"product_tag-camping","9":"product_tag-dziewczecy","10":"product_tag-emaliowany","11":"product_tag-kobiecy","12":"product_tag-kubek","13":"product_tag-metalowy-kubek","14":"product_tag-podrozniczy","16":"entry","17":"has-media","19":"first","20":"onbackorder","21":"taxable","22":"shipping-taxable","23":"purchasable","24":"product-type-simple","25":"has-product-nav","26":"col","27":"span_1_of_3","28":"owp-content-center","29":"owp-thumbs-layout-horizontal","30":"owp-btn-normal","31":"owp-tabs-layout-horizontal"},"_links":{"self":[{"href":"https:\/\/www.kasiarozek.pl\/sklep\/wp-json\/wp\/v2\/product\/246","targetHints":{"allow":["GET"]}}],"collection":[{"href":"https:\/\/www.kasiarozek.pl\/sklep\/wp-json\/wp\/v2\/product"}],"about":[{"href":"https:\/\/www.kasiarozek.pl\/sklep\/wp-json\/wp\/v2\/types\/product"}],"replies":[{"embeddable":true,"href":"https:\/\/www.kasiarozek.pl\/sklep\/wp-json\/wp\/v2\/comments?post=246"}],"wp:featuredmedia":[{"embeddable":true,"href":"https:\/\/www.kasiarozek.pl\/sklep\/wp-json\/wp\/v2\/media\/273"}],"wp:attachment":[{"href":"https:\/\/www.kasiarozek.pl\/sklep\/wp-json\/wp\/v2\/media?parent=246"}],"wp:term":[{"taxonomy":"product_brand","embeddable":true,"href":"https:\/\/www.kasiarozek.pl\/sklep\/wp-json\/wp\/v2\/product_brand?post=246"},{"taxonomy":"product_cat","embeddable":true,"href":"https:\/\/www.kasiarozek.pl\/sklep\/wp-json\/wp\/v2\/product_cat?post=246"},{"taxonomy":"product_tag","embeddable":true,"href":"https:\/\/www.kasiarozek.pl\/sklep\/wp-json\/wp\/v2\/product_tag?post=246"}],"curies":[{"name":"wp","href":"https:\/\/api.w.org\/{rel}","templated":true}]}}